{"id":6590,"date":"2025-10-31T13:36:26","date_gmt":"2025-10-31T13:36:26","guid":{"rendered":"https:\/\/viniportugal.leadershipbt.com\/entities\/"},"modified":"2026-02-18T11:55:48","modified_gmt":"2026-02-18T11:55:48","slug":"entities","status":"publish","type":"page","link":"https:\/\/viniportugal.leadershipbt.com\/en\/sector\/entities\/","title":{"rendered":"Entities"},"content":{"rendered":"\t\t<div data-elementor-type=\"wp-page\" data-elementor-id=\"6590\" class=\"elementor elementor-6590 elementor-32\" data-elementor-post-type=\"page\">\n\t\t\t\t<div class=\"elementor-element elementor-element-5ad6f2e e-con-full e-flex e-con e-parent\" data-id=\"5ad6f2e\" data-element_type=\"container\" data-e-type=\"container\" data-settings=\"{&quot;background_background&quot;:&quot;classic&quot;,&quot;position&quot;:&quot;absolute&quot;}\">\n\t\t\t\t<div class=\"elementor-element elementor-element-fcc9680 elementor-widget elementor-widget-shortcode\" data-id=\"fcc9680\" data-element_type=\"widget\" data-e-type=\"widget\" data-widget_type=\"shortcode.default\">\n\t\t\t\t\t\t\t<div class=\"elementor-shortcode\">\t\t<div class=\"bglbc-redwine\">\n\t\t\t<div class=\"bglbc-redwine-circles\">\n\t\t\t\t<div class=\"background-movement\" id=\"circle1\"><\/div>\n\t\t\t\t<div class=\"background-movement\" id=\"circle2\"><\/div>\n\t\t\t\t<div class=\"background-movement\" id=\"circle3\"><\/div>\n\t\t\t<\/div>\n\t\t\t\t\t<\/div>\n\t\t<\/div>\n\t\t\t\t\t\t<\/div>\n\t\t\t\t<\/div>\n\t\t<div class=\"elementor-element elementor-element-a520c6f e-con-full e-flex e-con e-parent\" data-id=\"a520c6f\" data-element_type=\"container\" data-e-type=\"container\">\n\t\t<div class=\"elementor-element elementor-element-e3af1eb e-con-full bglbc-fadein bglbc-move-left-100 bglbc-duration-1200 e-flex e-con e-child\" data-id=\"e3af1eb\" data-element_type=\"container\" data-e-type=\"container\">\n\t\t\t\t<div class=\"elementor-element elementor-element-bf59382 elementor-widget elementor-widget-heading\" data-id=\"bf59382\" data-element_type=\"widget\" data-e-type=\"widget\" data-widget_type=\"heading.default\">\n\t\t\t\t\t<h5 class=\"elementor-heading-title elementor-size-default\">THE SECTOR<\/h5>\t\t\t\t<\/div>\n\t\t\t\t<div class=\"elementor-element elementor-element-bbab983 elementor-widget elementor-widget-heading\" data-id=\"bbab983\" data-element_type=\"widget\" data-e-type=\"widget\" data-widget_type=\"heading.default\">\n\t\t\t\t\t<h1 class=\"elementor-heading-title elementor-size-default\">Entities<\/h1>\t\t\t\t<\/div>\n\t\t\t\t<\/div>\n\t\t\t\t<\/div>\n\t\t<div class=\"elementor-element elementor-element-dee68f8 e-con-full e-flex e-con e-parent\" data-id=\"dee68f8\" data-element_type=\"container\" data-e-type=\"container\">\n\t\t<div class=\"elementor-element elementor-element-619a4ca e-con-full bglbc-fadein bglbc-move-up-200 bglbc-duration-1200 e-flex e-con e-child\" data-id=\"619a4ca\" data-element_type=\"container\" data-e-type=\"container\">\n\t\t\t\t<div class=\"elementor-element elementor-element-cc8af6f e-transform e-transform elementor-widget elementor-widget-image\" data-id=\"cc8af6f\" data-element_type=\"widget\" data-e-type=\"widget\" data-settings=\"{&quot;_transform_translateY_effect_mobile&quot;:{&quot;unit&quot;:&quot;px&quot;,&quot;size&quot;:51,&quot;sizes&quot;:[]},&quot;_transform_scale_effect_mobile&quot;:{&quot;unit&quot;:&quot;px&quot;,&quot;size&quot;:1.6,&quot;sizes&quot;:[]},&quot;_transform_translateX_effect&quot;:{&quot;unit&quot;:&quot;px&quot;,&quot;size&quot;:&quot;&quot;,&quot;sizes&quot;:[]},&quot;_transform_translateX_effect_widescreen&quot;:{&quot;unit&quot;:&quot;px&quot;,&quot;size&quot;:&quot;&quot;,&quot;sizes&quot;:[]},&quot;_transform_translateX_effect_laptop&quot;:{&quot;unit&quot;:&quot;px&quot;,&quot;size&quot;:&quot;&quot;,&quot;sizes&quot;:[]},&quot;_transform_translateX_effect_tablet_extra&quot;:{&quot;unit&quot;:&quot;px&quot;,&quot;size&quot;:&quot;&quot;,&quot;sizes&quot;:[]},&quot;_transform_translateX_effect_tablet&quot;:{&quot;unit&quot;:&quot;px&quot;,&quot;size&quot;:&quot;&quot;,&quot;sizes&quot;:[]},&quot;_transform_translateX_effect_mobile_extra&quot;:{&quot;unit&quot;:&quot;px&quot;,&quot;size&quot;:&quot;&quot;,&quot;sizes&quot;:[]},&quot;_transform_translateX_effect_mobile&quot;:{&quot;unit&quot;:&quot;px&quot;,&quot;size&quot;:&quot;&quot;,&quot;sizes&quot;:[]},&quot;_transform_translateY_effect&quot;:{&quot;unit&quot;:&quot;px&quot;,&quot;size&quot;:&quot;&quot;,&quot;sizes&quot;:[]},&quot;_transform_translateY_effect_widescreen&quot;:{&quot;unit&quot;:&quot;px&quot;,&quot;size&quot;:&quot;&quot;,&quot;sizes&quot;:[]},&quot;_transform_translateY_effect_laptop&quot;:{&quot;unit&quot;:&quot;px&quot;,&quot;size&quot;:&quot;&quot;,&quot;sizes&quot;:[]},&quot;_transform_translateY_effect_tablet_extra&quot;:{&quot;unit&quot;:&quot;px&quot;,&quot;size&quot;:&quot;&quot;,&quot;sizes&quot;:[]},&quot;_transform_translateY_effect_tablet&quot;:{&quot;unit&quot;:&quot;px&quot;,&quot;size&quot;:&quot;&quot;,&quot;sizes&quot;:[]},&quot;_transform_translateY_effect_mobile_extra&quot;:{&quot;unit&quot;:&quot;px&quot;,&quot;size&quot;:&quot;&quot;,&quot;sizes&quot;:[]},&quot;_transform_scale_effect&quot;:{&quot;unit&quot;:&quot;px&quot;,&quot;size&quot;:&quot;&quot;,&quot;sizes&quot;:[]},&quot;_transform_scale_effect_widescreen&quot;:{&quot;unit&quot;:&quot;px&quot;,&quot;size&quot;:&quot;&quot;,&quot;sizes&quot;:[]},&quot;_transform_scale_effect_laptop&quot;:{&quot;unit&quot;:&quot;px&quot;,&quot;size&quot;:&quot;&quot;,&quot;sizes&quot;:[]},&quot;_transform_scale_effect_tablet_extra&quot;:{&quot;unit&quot;:&quot;px&quot;,&quot;size&quot;:&quot;&quot;,&quot;sizes&quot;:[]},&quot;_transform_scale_effect_tablet&quot;:{&quot;unit&quot;:&quot;px&quot;,&quot;size&quot;:&quot;&quot;,&quot;sizes&quot;:[]},&quot;_transform_scale_effect_mobile_extra&quot;:{&quot;unit&quot;:&quot;px&quot;,&quot;size&quot;:&quot;&quot;,&quot;sizes&quot;:[]}}\" data-widget_type=\"image.default\">\n\t\t\t\t\t\t\t\t\t\t\t\t\t\t\t<img fetchpriority=\"high\" decoding=\"async\" width=\"1578\" height=\"760\" src=\"https:\/\/viniportugal.leadershipbt.com\/wp-content\/uploads\/2025\/12\/Rectangle_1067_1.png\" class=\"attachment-full size-full wp-image-6565\" alt=\"\" srcset=\"https:\/\/viniportugal.leadershipbt.com\/wp-content\/uploads\/2025\/12\/Rectangle_1067_1.png 1578w, https:\/\/viniportugal.leadershipbt.com\/wp-content\/uploads\/2025\/12\/Rectangle_1067_1-300x144.png 300w, https:\/\/viniportugal.leadershipbt.com\/wp-content\/uploads\/2025\/12\/Rectangle_1067_1-1024x493.png 1024w, https:\/\/viniportugal.leadershipbt.com\/wp-content\/uploads\/2025\/12\/Rectangle_1067_1-1536x740.png 1536w, https:\/\/viniportugal.leadershipbt.com\/wp-content\/uploads\/2025\/12\/Rectangle_1067_1-100x48.png 100w\" sizes=\"(max-width: 1578px) 100vw, 1578px\" \/>\t\t\t\t\t\t\t\t\t\t\t\t\t\t\t<\/div>\n\t\t\t\t<\/div>\n\t\t\t\t<div class=\"elementor-element elementor-element-44bd64d2 elementor-widget__width-initial e-n-tabs-none elementor-widget elementor-widget-n-tabs\" data-id=\"44bd64d2\" data-element_type=\"widget\" data-e-type=\"widget\" data-settings=\"{&quot;tabs_justify_horizontal&quot;:&quot;stretch&quot;,&quot;horizontal_scroll_mobile&quot;:&quot;disable&quot;,&quot;horizontal_scroll&quot;:&quot;disable&quot;}\" data-widget_type=\"nested-tabs.default\">\n\t\t\t\t\t\t\t<div class=\"e-n-tabs\" data-widget-number=\"1153262802\" aria-label=\"Tabs. Open items with Enter or Space, close with Escape and navigate using the Arrow keys.\">\n\t\t\t<div class=\"e-n-tabs-heading\" role=\"tablist\">\n\t\t\t\t\t<button id=\"bglbc_entidadestabbuttons\" data-tab-title-id=\"e-n-tab-title-11532628021\" class=\"e-n-tab-title\" aria-selected=\"true\" data-tab-index=\"1\" role=\"tab\" tabindex=\"0\" aria-controls=\"e-n-tab-content-11532628021\" style=\"--n-tabs-title-order: 1;\">\n\t\t\t\t\t\t<span class=\"e-n-tab-title-text\">\n\t\t\t\t CERTIFYING ENTITIES\t\t\t<\/span>\n\t\t<\/button>\n\t\t\t\t<button id=\"bglbc_entidadestabbuttons\" data-tab-title-id=\"e-n-tab-title-11532628022\" class=\"e-n-tab-title\" aria-selected=\"false\" data-tab-index=\"2\" role=\"tab\" tabindex=\"-1\" aria-controls=\"e-n-tab-content-11532628022\" style=\"--n-tabs-title-order: 2;\">\n\t\t\t\t\t\t<span class=\"e-n-tab-title-text\">\n\t\t\t\t OTHER ENTITIES\t\t\t<\/span>\n\t\t<\/button>\n\t\t\t\t\t<\/div>\n\t\t\t<div class=\"e-n-tabs-content\">\n\t\t\t\t<div id=\"e-n-tab-content-11532628021\" role=\"tabpanel\" aria-labelledby=\"bglbc_entidadestabbuttons\" data-tab-index=\"1\" style=\"--n-tabs-title-order: 1;\" class=\"e-active elementor-element elementor-element-12fd7131 e-con-full e-flex e-con e-child\" data-id=\"12fd7131\" data-element_type=\"container\" data-e-type=\"container\">\n\t\t\t\t<div class=\"elementor-element elementor-element-55b01feb bglbc-stagger bglbc-fadein bglbc-move-up-200 bglbc-duration-1200 elementor-widget elementor-widget-shortcode\" data-id=\"55b01feb\" data-element_type=\"widget\" data-e-type=\"widget\" data-widget_type=\"shortcode.default\">\n\t\t\t\t\t\t\t<div class=\"elementor-shortcode\"><p>Sem entidades nesta categoria.<\/p><\/div>\n\t\t\t\t\t\t<\/div>\n\t\t\t\t<\/div>\n\t\t<div id=\"e-n-tab-content-11532628022\" role=\"tabpanel\" aria-labelledby=\"bglbc_entidadestabbuttons\" data-tab-index=\"2\" style=\"--n-tabs-title-order: 2;\" class=\" elementor-element elementor-element-c81cd18 e-con-full e-flex e-con e-child\" data-id=\"c81cd18\" data-element_type=\"container\" data-e-type=\"container\">\n\t\t\t\t<div class=\"elementor-element elementor-element-8cfb067 bglbc-stagger bglbc-fadein bglbc-move-up-200 bglbc-duration-1200 elementor-widget elementor-widget-shortcode\" data-id=\"8cfb067\" data-element_type=\"widget\" data-e-type=\"widget\" data-widget_type=\"shortcode.default\">\n\t\t\t\t\t\t\t<div class=\"elementor-shortcode\"><p>Sem entidades nesta categoria.<\/p><\/div>\n\t\t\t\t\t\t<\/div>\n\t\t\t\t<\/div>\n\t\t\t\t\t<\/div>\n\t\t<\/div>\n\t\t\t\t\t\t<\/div>\n\t\t\t\t<\/div>\n\t\t\t\t<\/div>\n\t\t","protected":false},"excerpt":{"rendered":"<p>THE SECTOR Entities CERTIFYING ENTITIES OTHER ENTITIES CVA-VA &#8211; Comiss\u00e3o Vitivin\u00edcola do Algarve &#8211; Vinhos do Algarve Morada: Estrada Nacional 125, Bemparece, 8400-429 Lagoa, Algarve, Portugal Contactos Tel.: +351 282 341 393 | Fax: +351 282 341 396 E-mail: cva@vinhosdoalgarve.pt CVR- A &#8211; Comiss\u00e3o Vitivin\u00edcola Regional dos A\u00e7ores Morada: Av. Machado Serpa (Ed. Servi\u00e7o Des. [&hellip;]<\/p>\n","protected":false},"author":1,"featured_media":0,"parent":6639,"menu_order":9,"comment_status":"closed","ping_status":"closed","template":"","meta":{"_acf_changed":false,"footnotes":""},"class_list":["post-6590","page","type-page","status-publish","hentry"],"acf":[],"_links":{"self":[{"href":"https:\/\/viniportugal.leadershipbt.com\/en\/wp-json\/wp\/v2\/pages\/6590","targetHints":{"allow":["GET"]}}],"collection":[{"href":"https:\/\/viniportugal.leadershipbt.com\/en\/wp-json\/wp\/v2\/pages"}],"about":[{"href":"https:\/\/viniportugal.leadershipbt.com\/en\/wp-json\/wp\/v2\/types\/page"}],"author":[{"embeddable":true,"href":"https:\/\/viniportugal.leadershipbt.com\/en\/wp-json\/wp\/v2\/users\/1"}],"replies":[{"embeddable":true,"href":"https:\/\/viniportugal.leadershipbt.com\/en\/wp-json\/wp\/v2\/comments?post=6590"}],"version-history":[{"count":5,"href":"https:\/\/viniportugal.leadershipbt.com\/en\/wp-json\/wp\/v2\/pages\/6590\/revisions"}],"predecessor-version":[{"id":6629,"href":"https:\/\/viniportugal.leadershipbt.com\/en\/wp-json\/wp\/v2\/pages\/6590\/revisions\/6629"}],"up":[{"embeddable":true,"href":"https:\/\/viniportugal.leadershipbt.com\/en\/wp-json\/wp\/v2\/pages\/6639"}],"wp:attachment":[{"href":"https:\/\/viniportugal.leadershipbt.com\/en\/wp-json\/wp\/v2\/media?parent=6590"}],"curies":[{"name":"wp","href":"https:\/\/api.w.org\/{rel}","templated":true}]}}