{"id":6632,"date":"2025-10-31T17:03:12","date_gmt":"2025-10-31T17:03:12","guid":{"rendered":"https:\/\/viniportugal.leadershipbt.com\/statistics\/"},"modified":"2026-02-18T11:55:49","modified_gmt":"2026-02-18T11:55:49","slug":"statistics","status":"publish","type":"page","link":"https:\/\/viniportugal.leadershipbt.com\/en\/sector\/statistics\/","title":{"rendered":"Statistics"},"content":{"rendered":"\t\t<div data-elementor-type=\"wp-page\" data-elementor-id=\"6632\" class=\"elementor elementor-6632 elementor-39\" data-elementor-post-type=\"page\">\n\t\t\t\t<div class=\"elementor-element elementor-element-25e2eb35 e-grid e-con-full e-con e-parent\" data-id=\"25e2eb35\" data-element_type=\"container\" data-e-type=\"container\" data-settings=\"{&quot;background_background&quot;:&quot;classic&quot;}\">\n\t\t<div class=\"elementor-element elementor-element-52d10398 e-grid e-con-full bglbc-fadein bglbc-move-left-100 bglbc-duration-1200 e-con e-child\" data-id=\"52d10398\" data-element_type=\"container\" data-e-type=\"container\">\n\t\t\t\t<div class=\"elementor-element elementor-element-20c13a1 elementor-widget__width-inherit elementor-widget-mobile__width-initial elementor-widget elementor-widget-heading\" data-id=\"20c13a1\" data-element_type=\"widget\" data-e-type=\"widget\" data-widget_type=\"heading.default\">\n\t\t\t\t\t<h5 class=\"elementor-heading-title elementor-size-default\">THE SECTOR<\/h5>\t\t\t\t<\/div>\n\t\t\t\t<div class=\"elementor-element elementor-element-3988d0c4 elementor-widget__width-initial elementor-widget elementor-widget-heading\" data-id=\"3988d0c4\" data-element_type=\"widget\" data-e-type=\"widget\" data-widget_type=\"heading.default\">\n\t\t\t\t\t<h1 class=\"elementor-heading-title elementor-size-default\">Statistics<\/h1>\t\t\t\t<\/div>\n\t\t\t\t<\/div>\n\t\t<div class=\"elementor-element elementor-element-26cb3592 e-con-full animated-slow elementor-hidden-tablet elementor-hidden-mobile elementor-hidden-mobile_extra e-flex e-con e-child\" data-id=\"26cb3592\" data-element_type=\"container\" data-e-type=\"container\" data-settings=\"{&quot;sticky&quot;:&quot;top&quot;,&quot;sticky_offset&quot;:180,&quot;animation&quot;:&quot;none&quot;,&quot;sticky_parent&quot;:&quot;yes&quot;,&quot;animation_delay&quot;:300,&quot;sticky_on&quot;:[&quot;widescreen&quot;,&quot;desktop&quot;,&quot;laptop&quot;,&quot;tablet_extra&quot;,&quot;tablet&quot;,&quot;mobile_extra&quot;,&quot;mobile&quot;],&quot;sticky_effects_offset&quot;:0,&quot;sticky_anchor_link_offset&quot;:0}\">\n\t\t\t\t<div class=\"elementor-element elementor-element-5fcb953c bglbc-fadein bglbc-move-left-100 bglbc-duration-1200 elementor-widget elementor-widget-shortcode\" data-id=\"5fcb953c\" data-element_type=\"widget\" data-e-type=\"widget\" data-widget_type=\"shortcode.default\">\n\t\t\t\t\t\t\t<div class=\"elementor-shortcode\">\t\t<div data-elementor-type=\"page\" data-elementor-id=\"1968\" class=\"elementor elementor-1968\" data-elementor-post-type=\"elementor_library\">\n\t\t\t\t<div class=\"elementor-element elementor-element-c46d030 e-con-full e-flex e-con e-parent\" data-id=\"c46d030\" data-element_type=\"container\" data-e-type=\"container\">\n\t\t<div class=\"elementor-element elementor-element-431e0ac2 e-con-full e-flex e-con e-child\" data-id=\"431e0ac2\" data-element_type=\"container\" data-e-type=\"container\">\n\t\t\t\t<div class=\"elementor-element elementor-element-4a5215eb elementor-widget elementor-widget-heading\" data-id=\"4a5215eb\" data-element_type=\"widget\" data-e-type=\"widget\" data-widget_type=\"heading.default\">\n\t\t\t\t\t<h6 class=\"elementor-heading-title elementor-size-default\">PARTILHE<\/h6>\t\t\t\t<\/div>\n\t\t\t\t<div class=\"elementor-element elementor-element-32e3c863 elementor-widget elementor-widget-text-editor\" data-id=\"32e3c863\" data-element_type=\"widget\" data-e-type=\"widget\" data-widget_type=\"text-editor.default\">\n\t\t\t\t\t\t\t\t\t<p>Fa\u00e7a partilha nas suas redes sociais<\/p>\t\t\t\t\t\t\t\t<\/div>\n\t\t\t\t<div class=\"elementor-element elementor-element-3173c00f elementor-widget-divider--view-line elementor-widget elementor-widget-divider\" data-id=\"3173c00f\" data-element_type=\"widget\" data-e-type=\"widget\" data-widget_type=\"divider.default\">\n\t\t\t\t\t\t\t<div class=\"elementor-divider\">\n\t\t\t<span class=\"elementor-divider-separator\">\n\t\t\t\t\t\t<\/span>\n\t\t<\/div>\n\t\t\t\t\t\t<\/div>\n\t\t<div class=\"elementor-element elementor-element-7b6047f5 e-flex e-con-boxed e-con e-child\" data-id=\"7b6047f5\" data-element_type=\"container\" data-e-type=\"container\">\n\t\t\t\t\t<div class=\"e-con-inner\">\n\t\t\t\t<div class=\"elementor-element elementor-element-79b52df1 elementor-widget__width-initial elementor-widget elementor-widget-image\" data-id=\"79b52df1\" data-element_type=\"widget\" data-e-type=\"widget\" data-widget_type=\"image.default\">\n\t\t\t\t\t\t\t\t\t\t\t\t\t\t\t\t<a href=\"https:\/\/www.facebook.com\/sharer\/sharer.php?u=https:\/\/viniportugal\/pt\/o-sector\/estatisticas\/\" target=\"_blank\" rel=\"nofollow\">\n\t\t\t\t\t\t\t<img decoding=\"async\" src=\"https:\/\/viniportugal.leadershipbt.com\/wp-content\/uploads\/2025\/11\/Socials-Facebook-blackLogo.svg\" class=\"attachment-full size-full wp-image-233\" alt=\"\" \/>\t\t\t\t\t\t\t\t<\/a>\n\t\t\t\t\t\t\t\t\t\t\t\t\t\t\t<\/div>\n\t\t\t\t<div class=\"elementor-element elementor-element-4a1c3248 elementor-widget elementor-widget-image\" data-id=\"4a1c3248\" data-element_type=\"widget\" data-e-type=\"widget\" data-widget_type=\"image.default\">\n\t\t\t\t\t\t\t\t\t\t\t\t\t\t\t\t<a href=\"https:\/\/twitter.com\/intent\/tweet?text=https:\/\/viniportugal\/pt\/o-sector\/estatisticas\/\" target=\"_blank\" rel=\"nofollow\">\n\t\t\t\t\t\t\t<img decoding=\"async\" src=\"https:\/\/viniportugal.leadershipbt.com\/wp-content\/uploads\/2025\/11\/Social-Twitter-blackLogo.svg\" class=\"attachment-full size-full wp-image-236\" alt=\"\" \/>\t\t\t\t\t\t\t\t<\/a>\n\t\t\t\t\t\t\t\t\t\t\t\t\t\t\t<\/div>\n\t\t\t\t\t<\/div>\n\t\t\t\t<\/div>\n\t\t\t\t<\/div>\n\t\t\t\t<\/div>\n\t\t\t\t<\/div>\n\t\t<\/div>\n\t\t\t\t\t\t<\/div>\n\t\t\t\t<\/div>\n\t\t<div class=\"elementor-element elementor-element-42e94ca8 e-con-full e-flex e-con e-child\" data-id=\"42e94ca8\" data-element_type=\"container\" data-e-type=\"container\">\n\t\t\t\t<div class=\"elementor-element elementor-element-5266b2b2 bglbc-fadein bglbc-move-up-200 bglbc-duration-1200 elementor-widget elementor-widget-heading\" data-id=\"5266b2b2\" data-element_type=\"widget\" data-e-type=\"widget\" data-widget_type=\"heading.default\">\n\t\t\t\t\t<h3 class=\"elementor-heading-title elementor-size-default\">Domestic wine production<\/h3>\t\t\t\t<\/div>\n\t\t\t\t<div class=\"elementor-element elementor-element-569b5760 bglbc-fadein bglbc-move-up-200 bglbc-duration-1200 elementor-widget elementor-widget-text-editor\" data-id=\"569b5760\" data-element_type=\"widget\" data-e-type=\"widget\" data-widget_type=\"text-editor.default\">\n\t\t\t\t\t\t\t\t\t<p>According to provisional data from the IVV &#8211; Instituto da Vinha e do Vinho (Vine and Wine Institute), wine production in the 2024\/25 season reached 6.9 million hectoliters, down 8% from the previous season.<\/p><p>Of the 14 regions, it is worth noting the increase in volume recorded in the north and center-north regions, namely: Douro, Vinhos Verdes, T\u00e1vora-Varosa, Beira Interior, D\u00e3o, and also in the Algarve. The other regions saw slight increases or slight decreases in production, with the exception of the Azores, which experienced a substantial decline.<\/p><p>As for the average annual growth from the 2020\/21 campaign to 2024\/25, nine of the 14 regions, namely Douro, Vinhos Verdes, Tejo, Beira Interior, D\u00e3o, Bairrada, Tr\u00e1s-os-Montes, T\u00e1vora-Varosa, and Algarve, saw average growth in production. The regions of T\u00e1vora-Varosa and Algarve showed the highest average growth during this period (above 12%).<\/p>\t\t\t\t\t\t\t\t<\/div>\n\t\t\t\t<div class=\"elementor-element elementor-element-292f25de bglbc-fadein bglbc-move-up-200 bglbc-duration-1200 elementor-widget elementor-widget-image\" data-id=\"292f25de\" data-element_type=\"widget\" data-e-type=\"widget\" data-widget_type=\"image.default\">\n\t\t\t\t\t\t\t\t\t\t\t\t\t\t\t<img fetchpriority=\"high\" decoding=\"async\" width=\"800\" height=\"523\" src=\"https:\/\/viniportugal.leadershipbt.com\/wp-content\/uploads\/2025\/12\/grafico_regioes_2025_8pstfGl.width-800.jpg\" class=\"attachment-full size-full wp-image-6634\" alt=\"\" srcset=\"https:\/\/viniportugal.leadershipbt.com\/wp-content\/uploads\/2025\/12\/grafico_regioes_2025_8pstfGl.width-800.jpg 800w, https:\/\/viniportugal.leadershipbt.com\/wp-content\/uploads\/2025\/12\/grafico_regioes_2025_8pstfGl.width-800-300x196.jpg 300w, https:\/\/viniportugal.leadershipbt.com\/wp-content\/uploads\/2025\/12\/grafico_regioes_2025_8pstfGl.width-800-100x65.jpg 100w\" sizes=\"(max-width: 800px) 100vw, 800px\" \/>\t\t\t\t\t\t\t\t\t\t\t\t\t\t\t<\/div>\n\t\t\t\t<div class=\"elementor-element elementor-element-175e0a1c elementor-widget__width-inherit elementor-widget-mobile__width-initial bglbc-stagger bglbc-fadein bglbc-move-up-200 bglbc-duration-1200 elementor-widget elementor-widget-shortcode\" data-id=\"175e0a1c\" data-element_type=\"widget\" data-e-type=\"widget\" data-widget_type=\"shortcode.default\">\n\t\t\t\t\t\t\t<div class=\"elementor-shortcode\">\n\t<div class=\"bglbc-downloads-wrapper bglbc-downloads-v1\">\n\t\t<div class=\"bglbc-downloads-container\">\n\n\t\t\t\t\t\t\t<h2 class=\"bglbc-downloads-title\">Exporta\u00e7\u00f5es de vinho<\/h2>\n\t\t\t\n\t\t\t<div class=\"bglbc-downloads-list\">\n\t\t\t\t\n\t\t\t\t\t<div class=\"bglbc-download-item bglbc-stagger-son\">\n\t\t\t\t\t\t<div class=\"bglbc-download-col bglbc-download-col-title\">\n\t\t\t\t\t\t\t3.\u00ba trimestre de 2025\t\t\t\t\t\t<\/div>\n\n\t\t\t\t\t\t<div class=\"bglbc-download-col bglbc-download-col-info\">\n\t\t\t\t\t\t\t\t\t\t\t\t\t\t\tPDF, 1.02MB\t\t\t\t\t\t\t\t\t\t\t\t\t<\/div>\n\n\t\t\t\t\t\t<div class=\"bglbc-download-col bglbc-download-col-button\">\n\t\t\t\t\t\t\t<a href=\"https:\/\/viniportugal.leadershipbt.com\/wp-content\/uploads\/2025\/12\/Estatisticas_Site_viniportugal_ate_ao_3oTRIM2025.pdf\"\n\t\t\t\t\t\t\t   class=\"bglbc-download-btn\"\n\t\t\t\t\t\t\t   target=\"_blank\" download>\n\t\t\t\t\t\t\t\t<span>DOWNLOAD<\/span>\n\t\t\t\t\t\t\t\t<img decoding=\"async\" src=\"https:\/\/viniportugal.leadershipbt.com\/wp-content\/plugins\/BAANNNG_Downloads\/assets\/imagens\/bglbc_Oarrowdown.svg\"\n\t\t\t\t\t\t\t\t     alt=\"\"\n\t\t\t\t\t\t\t\t     class=\"bglbc-download-icon\">\n\t\t\t\t\t\t\t<\/a>\n\t\t\t\t\t\t<\/div>\n\t\t\t\t\t<\/div>\n\n\t\t\t\t\n\t\t\t\t\t<div class=\"bglbc-download-item bglbc-download-item-last bglbc-stagger-son\">\n\t\t\t\t\t\t<div class=\"bglbc-download-col bglbc-download-col-title\">\n\t\t\t\t\t\t\tJaneiro a Dezembro de 2024\t\t\t\t\t\t<\/div>\n\n\t\t\t\t\t\t<div class=\"bglbc-download-col bglbc-download-col-info\">\n\t\t\t\t\t\t\t\t\t\t\t\t\t\t\tPDF, 1.03MB\t\t\t\t\t\t\t\t\t\t\t\t\t<\/div>\n\n\t\t\t\t\t\t<div class=\"bglbc-download-col bglbc-download-col-button\">\n\t\t\t\t\t\t\t<a href=\"https:\/\/viniportugal.leadershipbt.com\/wp-content\/uploads\/2025\/12\/Estatisticas_Site_viniportugal_2024-actualizado.pdf\"\n\t\t\t\t\t\t\t   class=\"bglbc-download-btn\"\n\t\t\t\t\t\t\t   target=\"_blank\" download>\n\t\t\t\t\t\t\t\t<span>DOWNLOAD<\/span>\n\t\t\t\t\t\t\t\t<img decoding=\"async\" src=\"https:\/\/viniportugal.leadershipbt.com\/wp-content\/plugins\/BAANNNG_Downloads\/assets\/imagens\/bglbc_Oarrowdown.svg\"\n\t\t\t\t\t\t\t\t     alt=\"\"\n\t\t\t\t\t\t\t\t     class=\"bglbc-download-icon\">\n\t\t\t\t\t\t\t<\/a>\n\t\t\t\t\t\t<\/div>\n\t\t\t\t\t<\/div>\n\n\t\t\t\t\t\t\t<\/div>\n\n\t\t<\/div>\n\t<\/div>\n\n\t<\/div>\n\t\t\t\t\t\t<\/div>\n\t\t\t\t<div class=\"elementor-element elementor-element-313f733d bglbc-stagger bglbc-fadein bglbc-move-up-200 bglbc-duration-1200 elementor-widget elementor-widget-shortcode\" data-id=\"313f733d\" data-element_type=\"widget\" data-e-type=\"widget\" data-widget_type=\"shortcode.default\">\n\t\t\t\t\t\t\t<div class=\"elementor-shortcode\">\n\t<div class=\"bglbc-downloads-wrapper bglbc-downloads-v1\">\n\t\t<div class=\"bglbc-downloads-container\">\n\n\t\t\t\t\t\t\t<h2 class=\"bglbc-downloads-title\">O sector do vinho<\/h2>\n\t\t\t\n\t\t\t<div class=\"bglbc-downloads-list\">\n\t\t\t\t\n\t\t\t\t\t<div class=\"bglbc-download-item bglbc-download-item-last bglbc-stagger-son\">\n\t\t\t\t\t\t<div class=\"bglbc-download-col bglbc-download-col-title\">\n\t\t\t\t\t\t\tEm 2024\t\t\t\t\t\t<\/div>\n\n\t\t\t\t\t\t<div class=\"bglbc-download-col bglbc-download-col-info\">\n\t\t\t\t\t\t\t\t\t\t\t\t\t\t\tPDF, 1.55MB\t\t\t\t\t\t\t\t\t\t\t\t\t<\/div>\n\n\t\t\t\t\t\t<div class=\"bglbc-download-col bglbc-download-col-button\">\n\t\t\t\t\t\t\t<a href=\"https:\/\/viniportugal.leadershipbt.com\/wp-content\/uploads\/2025\/12\/Industria_do_Vinho_2024.pdf\"\n\t\t\t\t\t\t\t   class=\"bglbc-download-btn\"\n\t\t\t\t\t\t\t   target=\"_blank\" download>\n\t\t\t\t\t\t\t\t<span>DOWNLOAD<\/span>\n\t\t\t\t\t\t\t\t<img decoding=\"async\" src=\"https:\/\/viniportugal.leadershipbt.com\/wp-content\/plugins\/BAANNNG_Downloads\/assets\/imagens\/bglbc_Oarrowdown.svg\"\n\t\t\t\t\t\t\t\t     alt=\"\"\n\t\t\t\t\t\t\t\t     class=\"bglbc-download-icon\">\n\t\t\t\t\t\t\t<\/a>\n\t\t\t\t\t\t<\/div>\n\t\t\t\t\t<\/div>\n\n\t\t\t\t\t\t\t<\/div>\n\n\t\t<\/div>\n\t<\/div>\n\n\t<\/div>\n\t\t\t\t\t\t<\/div>\n\t\t\t\t<div class=\"elementor-element elementor-element-7e8bec22 bglbc-stagger bglbc-fadein bglbc-move-up-200 bglbc-duration-1200 elementor-widget elementor-widget-shortcode\" data-id=\"7e8bec22\" data-element_type=\"widget\" data-e-type=\"widget\" data-widget_type=\"shortcode.default\">\n\t\t\t\t\t\t\t<div class=\"elementor-shortcode\">\n\t<div class=\"bglbc-downloads-wrapper bglbc-downloads-v1\">\n\t\t<div class=\"bglbc-downloads-container\">\n\n\t\t\t\t\t\t\t<h2 class=\"bglbc-downloads-title\">Mercado mundial de espumantes<\/h2>\n\t\t\t\n\t\t\t<div class=\"bglbc-downloads-list\">\n\t\t\t\t\n\t\t\t\t\t<div class=\"bglbc-download-item bglbc-download-item-last bglbc-stagger-son\">\n\t\t\t\t\t\t<div class=\"bglbc-download-col bglbc-download-col-title\">\n\t\t\t\t\t\t\tMercado mundial de espumantes\t\t\t\t\t\t<\/div>\n\n\t\t\t\t\t\t<div class=\"bglbc-download-col bglbc-download-col-info\">\n\t\t\t\t\t\t\t\t\t\t\t\t\t\t\tPDF, 3.31MB\t\t\t\t\t\t\t\t\t\t\t\t\t<\/div>\n\n\t\t\t\t\t\t<div class=\"bglbc-download-col bglbc-download-col-button\">\n\t\t\t\t\t\t\t<a href=\"https:\/\/viniportugal.leadershipbt.com\/wp-content\/uploads\/2025\/12\/Estudo_Espumantes_Portugueses_2015.pdf\"\n\t\t\t\t\t\t\t   class=\"bglbc-download-btn\"\n\t\t\t\t\t\t\t   target=\"_blank\" download>\n\t\t\t\t\t\t\t\t<span>DOWNLOAD<\/span>\n\t\t\t\t\t\t\t\t<img decoding=\"async\" src=\"https:\/\/viniportugal.leadershipbt.com\/wp-content\/plugins\/BAANNNG_Downloads\/assets\/imagens\/bglbc_Oarrowdown.svg\"\n\t\t\t\t\t\t\t\t     alt=\"\"\n\t\t\t\t\t\t\t\t     class=\"bglbc-download-icon\">\n\t\t\t\t\t\t\t<\/a>\n\t\t\t\t\t\t<\/div>\n\t\t\t\t\t<\/div>\n\n\t\t\t\t\t\t\t<\/div>\n\n\t\t<\/div>\n\t<\/div>\n\n\t<\/div>\n\t\t\t\t\t\t<\/div>\n\t\t\t\t<div class=\"elementor-element elementor-element-33858797 bglbc-fadein bglbc-move-up-200 bglbc-duration-1200 elementor-widget elementor-widget-heading\" data-id=\"33858797\" data-element_type=\"widget\" data-e-type=\"widget\" data-widget_type=\"heading.default\">\n\t\t\t\t\t<h3 class=\"elementor-heading-title elementor-size-default\">World wine production<\/h3>\t\t\t\t<\/div>\n\t\t\t\t<div class=\"elementor-element elementor-element-7af13b94 bglbc-fadein bglbc-move-up-200 bglbc-duration-1200 elementor-widget elementor-widget-text-editor\" data-id=\"7af13b94\" data-element_type=\"widget\" data-e-type=\"widget\" data-widget_type=\"text-editor.default\">\n\t\t\t\t\t\t\t\t\t<p>According to the latest data from the OIV (International Organisation of Vine and Wine), in 2024 global wine production will be between 227-235 million hectoliters, the lowest since 1961.<\/p><p>The graph below illustrates global production trends since 2000. It shows that global wine production has remained stable, at around 260 million hectoliters for the fourth consecutive year, although there has been a downward trend in recent years.<\/p>\t\t\t\t\t\t\t\t<\/div>\n\t\t\t\t<div class=\"elementor-element elementor-element-9ae3f6b bglbc-fadein bglbc-move-up-200 bglbc-duration-1200 elementor-widget elementor-widget-image\" data-id=\"9ae3f6b\" data-element_type=\"widget\" data-e-type=\"widget\" data-widget_type=\"image.default\">\n\t\t\t\t\t\t\t\t\t\t\t\t\t\t\t<img decoding=\"async\" width=\"789\" height=\"386\" src=\"https:\/\/viniportugal.leadershipbt.com\/wp-content\/uploads\/2025\/12\/Prod_Mundial.width-800.jpg\" class=\"attachment-full size-full wp-image-6633\" alt=\"\" srcset=\"https:\/\/viniportugal.leadershipbt.com\/wp-content\/uploads\/2025\/12\/Prod_Mundial.width-800.jpg 789w, https:\/\/viniportugal.leadershipbt.com\/wp-content\/uploads\/2025\/12\/Prod_Mundial.width-800-300x147.jpg 300w, https:\/\/viniportugal.leadershipbt.com\/wp-content\/uploads\/2025\/12\/Prod_Mundial.width-800-100x49.jpg 100w\" sizes=\"(max-width: 789px) 100vw, 789px\" \/>\t\t\t\t\t\t\t\t\t\t\t\t\t\t\t<\/div>\n\t\t\t\t<\/div>\n\t\t\t\t<\/div>\n\t\t\t\t<\/div>\n\t\t","protected":false},"excerpt":{"rendered":"<p>THE SECTOR Statistics Domestic wine production According to provisional data from the IVV &#8211; Instituto da Vinha e do Vinho (Vine and Wine Institute), wine production in the 2024\/25 season reached 6.9 million hectoliters, down 8% from the previous season. Of the 14 regions, it is worth noting the increase in volume recorded in the [&hellip;]<\/p>\n","protected":false},"author":1,"featured_media":0,"parent":6639,"menu_order":11,"comment_status":"closed","ping_status":"closed","template":"","meta":{"_acf_changed":false,"footnotes":""},"class_list":["post-6632","page","type-page","status-publish","hentry"],"acf":[],"_links":{"self":[{"href":"https:\/\/viniportugal.leadershipbt.com\/en\/wp-json\/wp\/v2\/pages\/6632","targetHints":{"allow":["GET"]}}],"collection":[{"href":"https:\/\/viniportugal.leadershipbt.com\/en\/wp-json\/wp\/v2\/pages"}],"about":[{"href":"https:\/\/viniportugal.leadershipbt.com\/en\/wp-json\/wp\/v2\/types\/page"}],"author":[{"embeddable":true,"href":"https:\/\/viniportugal.leadershipbt.com\/en\/wp-json\/wp\/v2\/users\/1"}],"replies":[{"embeddable":true,"href":"https:\/\/viniportugal.leadershipbt.com\/en\/wp-json\/wp\/v2\/comments?post=6632"}],"version-history":[{"count":1,"href":"https:\/\/viniportugal.leadershipbt.com\/en\/wp-json\/wp\/v2\/pages\/6632\/revisions"}],"predecessor-version":[{"id":6635,"href":"https:\/\/viniportugal.leadershipbt.com\/en\/wp-json\/wp\/v2\/pages\/6632\/revisions\/6635"}],"up":[{"embeddable":true,"href":"https:\/\/viniportugal.leadershipbt.com\/en\/wp-json\/wp\/v2\/pages\/6639"}],"wp:attachment":[{"href":"https:\/\/viniportugal.leadershipbt.com\/en\/wp-json\/wp\/v2\/media?parent=6632"}],"curies":[{"name":"wp","href":"https:\/\/api.w.org\/{rel}","templated":true}]}}